{"id":1458,"date":"2013-12-19T08:27:26","date_gmt":"2013-12-19T08:27:26","guid":{"rendered":"http:\/\/autori.altervista.org\/blog\/?page_id=1458"},"modified":"2018-01-02T08:52:59","modified_gmt":"2018-01-02T08:52:59","slug":"interviste-agli-autori","status":"publish","type":"page","link":"https:\/\/artetremila.it\/wordpress\/interviste-agli-autori\/","title":{"rendered":"Interviste agli Autori"},"content":{"rendered":"<p style=\"text-align: center;\">\u00a0<strong>Vuoi essere intervistato e far conoscere la tua pubblicazione , la tua creativit\u00e0 ?<\/strong><\/p>\n<p>Invia la richiesta all\u2019indirizzo: autori@artetremila.it o infoartetremila@libero.it con oggetto <strong>\u201crichiesta intervista&#8230;.\u201d \u00a0autore, pittore, scultore ecc.<\/strong><\/p>\n<p>Riceverai un file \u201cword\u201d da compilare e restituire.<\/p>\n<p>Artetremila pubblicher\u00e0 la tua intervista diffondendola in tutto il circuito Artetremila:<strong>\u00a0<a href=\"http:\/\/www.artetremila.it\/\" target=\"_blank\" rel=\"nofollow nofollow noopener\">http:\/\/www.artetremila.it\/<\/a><\/strong><\/p>\n<p>&nbsp;<\/p>\n<p style=\"text-align: center;\"><a href=\"http:\/\/giuliobuonanno.altervista.org\/blog\/category\/interviste-agli-autori\/\"><strong> INTERVISTE PUBBLICATE<\/strong><\/a><\/p>\n<p><strong>Note:<\/strong><\/p>\n<p><strong>1-Tale servizio \u00e8 un progetto di <a href=\"http:\/\/giuliobuonanno.altervista.org\/\">Giulio BONA&#8217;<\/a> , gratuito, ma \u00e8 richiesta la registrazione sul portale Artetremila. La registrazione \u00e8 gratuita e sar\u00e0 automatica alla restituzione del modulo<\/strong><\/p>\n<p><strong>2- Nessuno \u00e8 stato autorizzato da Artetremila a richiedere somme di danaro per questo servizio.<\/strong><\/p>\n<p><strong>2-<\/strong> <strong>L&#8217;adesione a questo progetto autorizza Artetremila alla pubblicazione e diffusione \u00a0 \u00a0 \u00a0 \u00a0 \u00a0 \u00a0 \u00a0dell&#8217;intervista senza richiedere ulteriore autorizzazione.<\/strong><\/p>\n<p>&nbsp;<\/p>\n<p>&nbsp;<\/p>\n<p>&nbsp;<\/p>\n<p>&nbsp;<\/p>\n","protected":false},"excerpt":{"rendered":"<p>\u00a0Vuoi essere intervistato e far conoscere la tua pubblicazione , la tua creativit\u00e0 ? Invia la richiesta all\u2019indirizzo: autori@artetremila.it o infoartetremila@libero.it con oggetto \u201crichiesta intervista&#8230;.\u201d \u00a0autore, pittore, scultore ecc. Riceverai un file \u201cword\u201d da compilare e restituire. Artetremila pubblicher\u00e0 la tua intervista diffondendola in tutto il circuito Artetremila:\u00a0http:\/\/www.artetremila.it\/ &nbsp; INTERVISTE PUBBLICATE Note: 1-Tale servizio \u00e8 un progetto di Giulio BONA&#8217;<\/p>\n","protected":false},"author":1,"featured_media":0,"parent":0,"menu_order":6,"comment_status":"closed","ping_status":"open","template":"","meta":{"ngg_post_thumbnail":0},"_links":{"self":[{"href":"https:\/\/artetremila.it\/wordpress\/wp-json\/wp\/v2\/pages\/1458"}],"collection":[{"href":"https:\/\/artetremila.it\/wordpress\/wp-json\/wp\/v2\/pages"}],"about":[{"href":"https:\/\/artetremila.it\/wordpress\/wp-json\/wp\/v2\/types\/page"}],"author":[{"embeddable":true,"href":"https:\/\/artetremila.it\/wordpress\/wp-json\/wp\/v2\/users\/1"}],"replies":[{"embeddable":true,"href":"https:\/\/artetremila.it\/wordpress\/wp-json\/wp\/v2\/comments?post=1458"}],"version-history":[{"count":3,"href":"https:\/\/artetremila.it\/wordpress\/wp-json\/wp\/v2\/pages\/1458\/revisions"}],"predecessor-version":[{"id":3678,"href":"https:\/\/artetremila.it\/wordpress\/wp-json\/wp\/v2\/pages\/1458\/revisions\/3678"}],"wp:attachment":[{"href":"https:\/\/artetremila.it\/wordpress\/wp-json\/wp\/v2\/media?parent=1458"}],"curies":[{"name":"wp","href":"https:\/\/api.w.org\/{rel}","templated":true}]}}